{"id":143,"date":"2023-02-19T15:34:08","date_gmt":"2023-02-19T15:34:08","guid":{"rendered":"http:\/\/gicosta.com\/?page_id=143"},"modified":"2023-03-12T10:15:25","modified_gmt":"2023-03-12T10:15:25","slug":"blog-comunicacion-politica","status":"publish","type":"page","link":"https:\/\/gicosta.com\/index.php\/blog-comunicacion-politica\/","title":{"rendered":"Blog: Comunicaci\u00f3n Pol\u00edtica"},"content":{"rendered":"\n<p>Bienvenida y Bienvenido a nuestro blog de comunicaci\u00f3n pol\u00edtica, donde encontrar\u00e1s an\u00e1lisis y opiniones acerca de hechos, tendencias y desaf\u00edos, con el objetivo de contribuir a la profesionalizaci\u00f3n de la comunicaci\u00f3n pol\u00edtica efectiva y eficaz. Desde la gesti\u00f3n de crisis hasta la construcci\u00f3n de la marca pol\u00edtica, cubriremos todos los aspectos esenciales de la compol. Con la perspectiva de expertos y la discusi\u00f3n de las \u00faltimas tendencias y pr\u00e1cticas, este blog es un recurso valioso para compartir y aportar al conocimiento y estudio del \u00e1rea. \u00a1Mantente informado y comenta tus puntos de vista con otros colegas e interesados en la materia!<\/p>\n\n\n<ul class=\"wp-block-latest-posts__list wp-block-latest-posts\"><li><a class=\"wp-block-latest-posts__post-title\" href=\"https:\/\/gicosta.com\/index.php\/2025\/11\/02\/podes-hacer-una-buena-gestion-y-perder-igual\/\">Pod\u00e9s hacer una buena gesti\u00f3n y perder igual<\/a><\/li>\n<li><a class=\"wp-block-latest-posts__post-title\" href=\"https:\/\/gicosta.com\/index.php\/2024\/05\/23\/igualdad-de-genero-en-la-politica-uruguaya-desafios-de-la-campana-2024\/\">Igualdad de g\u00e9nero en la pol\u00edtica uruguaya: Desaf\u00edos de la campa\u00f1a 2024<\/a><\/li>\n<li><a class=\"wp-block-latest-posts__post-title\" href=\"https:\/\/gicosta.com\/index.php\/2023\/04\/09\/alberto-firme-los-que-me-dejaron-solo-no-pidan-resolver-conmigo\/\">Alberto firme: \u00abLos que me dejaron solo, no pidan resolver conmigo\u00bb<\/a><\/li>\n<li><a class=\"wp-block-latest-posts__post-title\" href=\"https:\/\/gicosta.com\/index.php\/2023\/03\/19\/campanas-con-perspectiva-de-genero\/\">Campa\u00f1as con perspectiva de g\u00e9nero<\/a><\/li>\n<li><a class=\"wp-block-latest-posts__post-title\" href=\"https:\/\/gicosta.com\/index.php\/2023\/03\/12\/candidaturas-2023-y-red-flags\/\">Candidaturas 2023 y Red Flags<\/a><\/li>\n<\/ul>","protected":false},"excerpt":{"rendered":"<p>Bienvenida y Bienvenido a nuestro blog de comunicaci\u00f3n pol\u00edtica, donde encontrar\u00e1s an\u00e1lisis y opiniones acerca de hechos, tendencias y desaf\u00edos, con el objetivo de contribuir a la profesionalizaci\u00f3n de la comunicaci\u00f3n pol\u00edtica efectiva y eficaz. Desde la gesti\u00f3n de crisis hasta la construcci\u00f3n de la marca pol\u00edtica, cubriremos todos los aspectos esenciales de la compol. [&hellip;]<\/p>\n","protected":false},"author":1,"featured_media":0,"parent":0,"menu_order":0,"comment_status":"closed","ping_status":"closed","template":"","meta":{"_joinchat":[],"footnotes":""},"class_list":["post-143","page","type-page","status-publish","hentry"],"yoast_head":"<!-- This site is optimized with the Yoast SEO plugin v27.4 - https:\/\/yoast.com\/product\/yoast-seo-wordpress\/ -->\n<title>Blog: Comunicaci\u00f3n Pol\u00edtica<\/title>\n<meta name=\"robots\" content=\"index, follow, max-snippet:-1, max-image-preview:large, max-video-preview:-1\" \/>\n<link rel=\"canonical\" href=\"https:\/\/gicosta.com\/index.php\/blog-comunicacion-politica\/\" \/>\n<meta property=\"og:locale\" content=\"es_ES\" \/>\n<meta property=\"og:type\" content=\"article\" \/>\n<meta property=\"og:title\" content=\"Blog: Comunicaci\u00f3n Pol\u00edtica\" \/>\n<meta property=\"og:description\" content=\"Bienvenida y Bienvenido a nuestro blog de comunicaci\u00f3n pol\u00edtica, donde encontrar\u00e1s an\u00e1lisis y opiniones acerca de hechos, tendencias y desaf\u00edos, con el objetivo de contribuir a la profesionalizaci\u00f3n de la comunicaci\u00f3n pol\u00edtica efectiva y eficaz. Desde la gesti\u00f3n de crisis hasta la construcci\u00f3n de la marca pol\u00edtica, cubriremos todos los aspectos esenciales de la compol. [&hellip;]\" \/>\n<meta property=\"og:url\" content=\"https:\/\/gicosta.com\/index.php\/blog-comunicacion-politica\/\" \/>\n<meta property=\"og:site_name\" content=\"Consultora Arconte\" \/>\n<meta property=\"article:modified_time\" content=\"2023-03-12T10:15:25+00:00\" \/>\n<meta name=\"twitter:card\" content=\"summary_large_image\" \/>\n<meta name=\"twitter:label1\" content=\"Tiempo de lectura\" \/>\n\t<meta name=\"twitter:data1\" content=\"1 minuto\" \/>\n<script type=\"application\/ld+json\" class=\"yoast-schema-graph\">{\"@context\":\"https:\\\/\\\/schema.org\",\"@graph\":[{\"@type\":\"WebPage\",\"@id\":\"https:\\\/\\\/gicosta.com\\\/index.php\\\/blog-comunicacion-politica\\\/\",\"url\":\"https:\\\/\\\/gicosta.com\\\/index.php\\\/blog-comunicacion-politica\\\/\",\"name\":\"Blog: Comunicaci\u00f3n Pol\u00edtica\",\"isPartOf\":{\"@id\":\"https:\\\/\\\/gicosta.com\\\/#website\"},\"datePublished\":\"2023-02-19T15:34:08+00:00\",\"dateModified\":\"2023-03-12T10:15:25+00:00\",\"breadcrumb\":{\"@id\":\"https:\\\/\\\/gicosta.com\\\/index.php\\\/blog-comunicacion-politica\\\/#breadcrumb\"},\"inLanguage\":\"es\",\"potentialAction\":[{\"@type\":\"ReadAction\",\"target\":[\"https:\\\/\\\/gicosta.com\\\/index.php\\\/blog-comunicacion-politica\\\/\"]}]},{\"@type\":\"BreadcrumbList\",\"@id\":\"https:\\\/\\\/gicosta.com\\\/index.php\\\/blog-comunicacion-politica\\\/#breadcrumb\",\"itemListElement\":[{\"@type\":\"ListItem\",\"position\":1,\"name\":\"Portada\",\"item\":\"https:\\\/\\\/gicosta.com\\\/\"},{\"@type\":\"ListItem\",\"position\":2,\"name\":\"Blog: Comunicaci\u00f3n Pol\u00edtica\"}]},{\"@type\":\"WebSite\",\"@id\":\"https:\\\/\\\/gicosta.com\\\/#website\",\"url\":\"https:\\\/\\\/gicosta.com\\\/\",\"name\":\"Consultora Arconte\",\"description\":\"Consultor\u00eda Pol\u00edtica y Estrat\u00e9gica\",\"publisher\":{\"@id\":\"https:\\\/\\\/gicosta.com\\\/#organization\"},\"potentialAction\":[{\"@type\":\"SearchAction\",\"target\":{\"@type\":\"EntryPoint\",\"urlTemplate\":\"https:\\\/\\\/gicosta.com\\\/?s={search_term_string}\"},\"query-input\":{\"@type\":\"PropertyValueSpecification\",\"valueRequired\":true,\"valueName\":\"search_term_string\"}}],\"inLanguage\":\"es\"},{\"@type\":\"Organization\",\"@id\":\"https:\\\/\\\/gicosta.com\\\/#organization\",\"name\":\"Consultora Arconte\",\"url\":\"https:\\\/\\\/gicosta.com\\\/\",\"logo\":{\"@type\":\"ImageObject\",\"inLanguage\":\"es\",\"@id\":\"https:\\\/\\\/gicosta.com\\\/#\\\/schema\\\/logo\\\/image\\\/\",\"url\":\"https:\\\/\\\/gicosta.com\\\/wp-content\\\/uploads\\\/2023\\\/01\\\/Diseno-sin-titulo-1.png\",\"contentUrl\":\"https:\\\/\\\/gicosta.com\\\/wp-content\\\/uploads\\\/2023\\\/01\\\/Diseno-sin-titulo-1.png\",\"width\":500,\"height\":500,\"caption\":\"Consultora Arconte\"},\"image\":{\"@id\":\"https:\\\/\\\/gicosta.com\\\/#\\\/schema\\\/logo\\\/image\\\/\"}}]}<\/script>\n<!-- \/ Yoast SEO plugin. -->","yoast_head_json":{"title":"Blog: Comunicaci\u00f3n Pol\u00edtica","robots":{"index":"index","follow":"follow","max-snippet":"max-snippet:-1","max-image-preview":"max-image-preview:large","max-video-preview":"max-video-preview:-1"},"canonical":"https:\/\/gicosta.com\/index.php\/blog-comunicacion-politica\/","og_locale":"es_ES","og_type":"article","og_title":"Blog: Comunicaci\u00f3n Pol\u00edtica","og_description":"Bienvenida y Bienvenido a nuestro blog de comunicaci\u00f3n pol\u00edtica, donde encontrar\u00e1s an\u00e1lisis y opiniones acerca de hechos, tendencias y desaf\u00edos, con el objetivo de contribuir a la profesionalizaci\u00f3n de la comunicaci\u00f3n pol\u00edtica efectiva y eficaz. Desde la gesti\u00f3n de crisis hasta la construcci\u00f3n de la marca pol\u00edtica, cubriremos todos los aspectos esenciales de la compol. [&hellip;]","og_url":"https:\/\/gicosta.com\/index.php\/blog-comunicacion-politica\/","og_site_name":"Consultora Arconte","article_modified_time":"2023-03-12T10:15:25+00:00","twitter_card":"summary_large_image","twitter_misc":{"Tiempo de lectura":"1 minuto"},"schema":{"@context":"https:\/\/schema.org","@graph":[{"@type":"WebPage","@id":"https:\/\/gicosta.com\/index.php\/blog-comunicacion-politica\/","url":"https:\/\/gicosta.com\/index.php\/blog-comunicacion-politica\/","name":"Blog: Comunicaci\u00f3n Pol\u00edtica","isPartOf":{"@id":"https:\/\/gicosta.com\/#website"},"datePublished":"2023-02-19T15:34:08+00:00","dateModified":"2023-03-12T10:15:25+00:00","breadcrumb":{"@id":"https:\/\/gicosta.com\/index.php\/blog-comunicacion-politica\/#breadcrumb"},"inLanguage":"es","potentialAction":[{"@type":"ReadAction","target":["https:\/\/gicosta.com\/index.php\/blog-comunicacion-politica\/"]}]},{"@type":"BreadcrumbList","@id":"https:\/\/gicosta.com\/index.php\/blog-comunicacion-politica\/#breadcrumb","itemListElement":[{"@type":"ListItem","position":1,"name":"Portada","item":"https:\/\/gicosta.com\/"},{"@type":"ListItem","position":2,"name":"Blog: Comunicaci\u00f3n Pol\u00edtica"}]},{"@type":"WebSite","@id":"https:\/\/gicosta.com\/#website","url":"https:\/\/gicosta.com\/","name":"Consultora Arconte","description":"Consultor\u00eda Pol\u00edtica y Estrat\u00e9gica","publisher":{"@id":"https:\/\/gicosta.com\/#organization"},"potentialAction":[{"@type":"SearchAction","target":{"@type":"EntryPoint","urlTemplate":"https:\/\/gicosta.com\/?s={search_term_string}"},"query-input":{"@type":"PropertyValueSpecification","valueRequired":true,"valueName":"search_term_string"}}],"inLanguage":"es"},{"@type":"Organization","@id":"https:\/\/gicosta.com\/#organization","name":"Consultora Arconte","url":"https:\/\/gicosta.com\/","logo":{"@type":"ImageObject","inLanguage":"es","@id":"https:\/\/gicosta.com\/#\/schema\/logo\/image\/","url":"https:\/\/gicosta.com\/wp-content\/uploads\/2023\/01\/Diseno-sin-titulo-1.png","contentUrl":"https:\/\/gicosta.com\/wp-content\/uploads\/2023\/01\/Diseno-sin-titulo-1.png","width":500,"height":500,"caption":"Consultora Arconte"},"image":{"@id":"https:\/\/gicosta.com\/#\/schema\/logo\/image\/"}}]}},"_links":{"self":[{"href":"https:\/\/gicosta.com\/index.php\/wp-json\/wp\/v2\/pages\/143","targetHints":{"allow":["GET"]}}],"collection":[{"href":"https:\/\/gicosta.com\/index.php\/wp-json\/wp\/v2\/pages"}],"about":[{"href":"https:\/\/gicosta.com\/index.php\/wp-json\/wp\/v2\/types\/page"}],"author":[{"embeddable":true,"href":"https:\/\/gicosta.com\/index.php\/wp-json\/wp\/v2\/users\/1"}],"replies":[{"embeddable":true,"href":"https:\/\/gicosta.com\/index.php\/wp-json\/wp\/v2\/comments?post=143"}],"version-history":[{"count":2,"href":"https:\/\/gicosta.com\/index.php\/wp-json\/wp\/v2\/pages\/143\/revisions"}],"predecessor-version":[{"id":180,"href":"https:\/\/gicosta.com\/index.php\/wp-json\/wp\/v2\/pages\/143\/revisions\/180"}],"wp:attachment":[{"href":"https:\/\/gicosta.com\/index.php\/wp-json\/wp\/v2\/media?parent=143"}],"curies":[{"name":"wp","href":"https:\/\/api.w.org\/{rel}","templated":true}]}}