{"id":139,"date":"2023-02-19T15:23:21","date_gmt":"2023-02-19T15:23:21","guid":{"rendered":"http:\/\/gicosta.com\/?page_id=139"},"modified":"2024-05-25T22:22:33","modified_gmt":"2024-05-25T22:22:33","slug":"gisselle-costa-consultora-arconte","status":"publish","type":"page","link":"https:\/\/gicosta.com\/","title":{"rendered":"Gisselle Costa| Consultor\u00eda Pol\u00edtica y Estrat\u00e9gica"},"content":{"rendered":"\n<figure class=\"wp-block-image alignfull size-large\"><img loading=\"lazy\" decoding=\"async\" width=\"1024\" height=\"512\" src=\"https:\/\/gicosta.com\/wp-content\/uploads\/2023\/08\/Banner-web-comida-de-perros-negro-1024x512.png\" alt=\"\" class=\"wp-image-202\" srcset=\"https:\/\/gicosta.com\/wp-content\/uploads\/2023\/08\/Banner-web-comida-de-perros-negro-1024x512.png 1024w, https:\/\/gicosta.com\/wp-content\/uploads\/2023\/08\/Banner-web-comida-de-perros-negro-300x150.png 300w, https:\/\/gicosta.com\/wp-content\/uploads\/2023\/08\/Banner-web-comida-de-perros-negro-768x384.png 768w, https:\/\/gicosta.com\/wp-content\/uploads\/2023\/08\/Banner-web-comida-de-perros-negro-1536x768.png 1536w, https:\/\/gicosta.com\/wp-content\/uploads\/2023\/08\/Banner-web-comida-de-perros-negro-2048x1024.png 2048w\" sizes=\"auto, (max-width: 1024px) 100vw, 1024px\" \/><\/figure>\n\n\n\n<h2 class=\"wp-block-heading alignwide\"><strong>\u00a1Hola! Soy Gisselle Costa<\/strong><\/h2>\n\n\n\n<p>Polit\u00f3loga. Consultora Pol\u00edtica, especializada en Campa\u00f1as Electorales y Estrategias.<\/p>\n\n\n\n<p>En este espacio, te invito a compartir, debatir y conversar acerca de los hechos y fen\u00f3menos que marcan la agenda pol\u00edtica de Am\u00e9rica Latina, buscando aportar desde mi formaci\u00f3n y experiencias, reflexiones en torno a los desaf\u00edos que afrontan nuestras democracias.<\/p>\n\n\n\n<p>En la secci\u00f3n de art\u00edculos sobre Estrategia Electoral, encontrar\u00e1s informaci\u00f3n sobre las tendencias, t\u00e9cnicas y herramientas m\u00e1s recientes en el \u00e1mbito. Desde la identificaci\u00f3n de votantes clave hasta la planificaci\u00f3n de campa\u00f1as exitosas, aqu\u00ed encontrar\u00e1s informaci\u00f3n valiosa sobre c\u00f3mo maximizar tu impacto electoral y lograr tus objetivos de campa\u00f1a.<\/p>\n\n\n\n<p>Por otro lado, en la secci\u00f3n de art\u00edculos sobre Comunicaci\u00f3n Pol\u00edtica abordamos las cuatro \u00e1reas que la conforman: comunicaci\u00f3n electoral, comunicaci\u00f3n gubernamental, comunicaci\u00f3n de crisis y comunicaci\u00f3n de riesgo. Buscamos destacar la importancia de la profesionalizaci\u00f3n de la comunicaci\u00f3n pol\u00edtica. Desde la elaboraci\u00f3n de mensajes efectivos hasta la elecci\u00f3n de los canales de comunicaci\u00f3n adecuados, los art\u00edculos de esta secci\u00f3n te brindar\u00e1n una visi\u00f3n profunda de todos los aspectos relevantes de la compol.<\/p>\n\n\n\n<p>No te pierdas la oportunidad de acceder a estos valiosos recursos. \u00a1Vis\u00edtanos hoy mismo y participa de debates enriquecedores y desafiantes de estas \u00e1reas tan apasionantes de la pol\u00edtica!<\/p>\n\n\n\n<div class=\"wp-block-media-text alignwide is-stacked-on-mobile is-image-fill\" style=\"grid-template-columns:23% auto\"><figure class=\"wp-block-media-text__media\" style=\"background-image:url(https:\/\/gicosta.com\/wp-content\/uploads\/2023\/01\/Diseno-sin-titulo-2-1-1024x1024.png);background-position:50% 50%\"><a href=\"https:\/\/gicosta.com\/index.php\/blog-estrategia-electoral\/\"><img loading=\"lazy\" decoding=\"async\" width=\"1024\" height=\"1024\" src=\"https:\/\/gicosta.com\/wp-content\/uploads\/2023\/01\/Diseno-sin-titulo-2-1-1024x1024.png\" alt=\"\" class=\"wp-image-53 size-full\" srcset=\"https:\/\/gicosta.com\/wp-content\/uploads\/2023\/01\/Diseno-sin-titulo-2-1-1024x1024.png 1024w, https:\/\/gicosta.com\/wp-content\/uploads\/2023\/01\/Diseno-sin-titulo-2-1-300x300.png 300w, https:\/\/gicosta.com\/wp-content\/uploads\/2023\/01\/Diseno-sin-titulo-2-1-150x150.png 150w, https:\/\/gicosta.com\/wp-content\/uploads\/2023\/01\/Diseno-sin-titulo-2-1-768x768.png 768w, https:\/\/gicosta.com\/wp-content\/uploads\/2023\/01\/Diseno-sin-titulo-2-1.png 1080w\" sizes=\"auto, (max-width: 1024px) 100vw, 1024px\" \/><\/a><\/figure><div class=\"wp-block-media-text__content\">\n<h2 class=\"wp-block-heading has-x-large-font-size\"><strong><a href=\"https:\/\/gicosta.com\/index.php\/blog-estrategia-electoral\/\">Estrategia Electoral<\/a><\/strong><\/h2>\n<\/div><\/div>\n\n\n\n<div class=\"wp-block-media-text alignwide has-media-on-the-right is-stacked-on-mobile has-small-font-size\" style=\"grid-template-columns:auto 26%\"><div class=\"wp-block-media-text__content\">\n<h2 class=\"wp-block-heading has-x-large-font-size\"><strong><a href=\"https:\/\/gicosta.com\/index.php\/blog-comunicacion-politica\/\">Comunicaci\u00f3n Pol\u00edtica<\/a><\/strong><\/h2>\n<\/div><figure class=\"wp-block-media-text__media\"><a href=\"https:\/\/gicosta.com\/index.php\/blog-comunicacion-politica\/\"><img loading=\"lazy\" decoding=\"async\" width=\"1024\" height=\"1024\" src=\"https:\/\/gicosta.com\/wp-content\/uploads\/2023\/01\/Diseno-sin-titulo-3-1024x1024.png\" alt=\"\" class=\"wp-image-54 size-full\" srcset=\"https:\/\/gicosta.com\/wp-content\/uploads\/2023\/01\/Diseno-sin-titulo-3-1024x1024.png 1024w, https:\/\/gicosta.com\/wp-content\/uploads\/2023\/01\/Diseno-sin-titulo-3-300x300.png 300w, https:\/\/gicosta.com\/wp-content\/uploads\/2023\/01\/Diseno-sin-titulo-3-150x150.png 150w, https:\/\/gicosta.com\/wp-content\/uploads\/2023\/01\/Diseno-sin-titulo-3-768x768.png 768w, https:\/\/gicosta.com\/wp-content\/uploads\/2023\/01\/Diseno-sin-titulo-3.png 1080w\" sizes=\"auto, (max-width: 1024px) 100vw, 1024px\" \/><\/a><\/figure><\/div>\n\n\n\n<p class=\"has-text-align-center\">Para presupuestar proyectos y campa\u00f1as <\/p>\n\n\n\n<p class=\"has-text-align-center\"><\/p>\n\n\n\n<div class=\"wp-block-buttons is-content-justification-center is-layout-flex wp-container-core-buttons-is-layout-a89b3969 wp-block-buttons-is-layout-flex\">\n<div class=\"wp-block-button\"><a class=\"wp-block-button__link wp-element-button\">Agendemos una reuni\u00f3n<\/a><\/div>\n<\/div>\n","protected":false},"excerpt":{"rendered":"<p>\u00a1Hola! Soy Gisselle Costa Polit\u00f3loga. Consultora Pol\u00edtica, especializada en Campa\u00f1as Electorales y Estrategias. En este espacio, te invito a compartir, debatir y conversar acerca de los hechos y fen\u00f3menos que marcan la agenda pol\u00edtica de Am\u00e9rica Latina, buscando aportar desde mi formaci\u00f3n y experiencias, reflexiones en torno a los desaf\u00edos que afrontan nuestras democracias. En [&hellip;]<\/p>\n","protected":false},"author":1,"featured_media":0,"parent":0,"menu_order":0,"comment_status":"closed","ping_status":"closed","template":"","meta":{"_joinchat":[],"footnotes":""},"class_list":["post-139","page","type-page","status-publish","hentry"],"yoast_head":"<!-- This site is optimized with the Yoast SEO plugin v27.4 - https:\/\/yoast.com\/product\/yoast-seo-wordpress\/ -->\n<title>Gisselle Costa| Consultor\u00eda Pol\u00edtica y Estrat\u00e9gica<\/title>\n<meta name=\"robots\" content=\"index, follow, max-snippet:-1, max-image-preview:large, max-video-preview:-1\" \/>\n<link rel=\"canonical\" href=\"https:\/\/gicosta.com\/\" \/>\n<meta property=\"og:locale\" content=\"es_ES\" \/>\n<meta property=\"og:type\" content=\"article\" \/>\n<meta property=\"og:title\" content=\"Gisselle Costa| Consultor\u00eda Pol\u00edtica y Estrat\u00e9gica\" \/>\n<meta property=\"og:description\" content=\"\u00a1Hola! Soy Gisselle Costa Polit\u00f3loga. Consultora Pol\u00edtica, especializada en Campa\u00f1as Electorales y Estrategias. En este espacio, te invito a compartir, debatir y conversar acerca de los hechos y fen\u00f3menos que marcan la agenda pol\u00edtica de Am\u00e9rica Latina, buscando aportar desde mi formaci\u00f3n y experiencias, reflexiones en torno a los desaf\u00edos que afrontan nuestras democracias. En [&hellip;]\" \/>\n<meta property=\"og:url\" content=\"https:\/\/gicosta.com\/\" \/>\n<meta property=\"og:site_name\" content=\"Consultora Arconte\" \/>\n<meta property=\"article:modified_time\" content=\"2024-05-25T22:22:33+00:00\" \/>\n<meta property=\"og:image\" content=\"http:\/\/gicosta.com\/wp-content\/uploads\/2023\/08\/Banner-web-comida-de-perros-negro-1024x512.png\" \/>\n<meta name=\"twitter:card\" content=\"summary_large_image\" \/>\n<meta name=\"twitter:label1\" content=\"Tiempo de lectura\" \/>\n\t<meta name=\"twitter:data1\" content=\"2 minutos\" \/>\n<script type=\"application\/ld+json\" class=\"yoast-schema-graph\">{\"@context\":\"https:\\\/\\\/schema.org\",\"@graph\":[{\"@type\":\"WebPage\",\"@id\":\"https:\\\/\\\/gicosta.com\\\/\",\"url\":\"https:\\\/\\\/gicosta.com\\\/\",\"name\":\"Gisselle Costa| Consultor\u00eda Pol\u00edtica y Estrat\u00e9gica\",\"isPartOf\":{\"@id\":\"https:\\\/\\\/gicosta.com\\\/#website\"},\"primaryImageOfPage\":{\"@id\":\"https:\\\/\\\/gicosta.com\\\/#primaryimage\"},\"image\":{\"@id\":\"https:\\\/\\\/gicosta.com\\\/#primaryimage\"},\"thumbnailUrl\":\"http:\\\/\\\/gicosta.com\\\/wp-content\\\/uploads\\\/2023\\\/08\\\/Banner-web-comida-de-perros-negro-1024x512.png\",\"datePublished\":\"2023-02-19T15:23:21+00:00\",\"dateModified\":\"2024-05-25T22:22:33+00:00\",\"breadcrumb\":{\"@id\":\"https:\\\/\\\/gicosta.com\\\/#breadcrumb\"},\"inLanguage\":\"es\",\"potentialAction\":[{\"@type\":\"ReadAction\",\"target\":[\"https:\\\/\\\/gicosta.com\\\/\"]}]},{\"@type\":\"ImageObject\",\"inLanguage\":\"es\",\"@id\":\"https:\\\/\\\/gicosta.com\\\/#primaryimage\",\"url\":\"http:\\\/\\\/gicosta.com\\\/wp-content\\\/uploads\\\/2023\\\/08\\\/Banner-web-comida-de-perros-negro-1024x512.png\",\"contentUrl\":\"http:\\\/\\\/gicosta.com\\\/wp-content\\\/uploads\\\/2023\\\/08\\\/Banner-web-comida-de-perros-negro-1024x512.png\"},{\"@type\":\"BreadcrumbList\",\"@id\":\"https:\\\/\\\/gicosta.com\\\/#breadcrumb\",\"itemListElement\":[{\"@type\":\"ListItem\",\"position\":1,\"name\":\"Portada\",\"item\":\"https:\\\/\\\/gicosta.com\\\/\"},{\"@type\":\"ListItem\",\"position\":2,\"name\":\"Gisselle Costa| Consultor\u00eda Pol\u00edtica y Estrat\u00e9gica\"}]},{\"@type\":\"WebSite\",\"@id\":\"https:\\\/\\\/gicosta.com\\\/#website\",\"url\":\"https:\\\/\\\/gicosta.com\\\/\",\"name\":\"Consultora Arconte\",\"description\":\"Consultor\u00eda Pol\u00edtica y Estrat\u00e9gica\",\"publisher\":{\"@id\":\"https:\\\/\\\/gicosta.com\\\/#organization\"},\"potentialAction\":[{\"@type\":\"SearchAction\",\"target\":{\"@type\":\"EntryPoint\",\"urlTemplate\":\"https:\\\/\\\/gicosta.com\\\/?s={search_term_string}\"},\"query-input\":{\"@type\":\"PropertyValueSpecification\",\"valueRequired\":true,\"valueName\":\"search_term_string\"}}],\"inLanguage\":\"es\"},{\"@type\":\"Organization\",\"@id\":\"https:\\\/\\\/gicosta.com\\\/#organization\",\"name\":\"Consultora Arconte\",\"url\":\"https:\\\/\\\/gicosta.com\\\/\",\"logo\":{\"@type\":\"ImageObject\",\"inLanguage\":\"es\",\"@id\":\"https:\\\/\\\/gicosta.com\\\/#\\\/schema\\\/logo\\\/image\\\/\",\"url\":\"https:\\\/\\\/gicosta.com\\\/wp-content\\\/uploads\\\/2023\\\/01\\\/Diseno-sin-titulo-1.png\",\"contentUrl\":\"https:\\\/\\\/gicosta.com\\\/wp-content\\\/uploads\\\/2023\\\/01\\\/Diseno-sin-titulo-1.png\",\"width\":500,\"height\":500,\"caption\":\"Consultora Arconte\"},\"image\":{\"@id\":\"https:\\\/\\\/gicosta.com\\\/#\\\/schema\\\/logo\\\/image\\\/\"}}]}<\/script>\n<!-- \/ Yoast SEO plugin. -->","yoast_head_json":{"title":"Gisselle Costa| Consultor\u00eda Pol\u00edtica y Estrat\u00e9gica","robots":{"index":"index","follow":"follow","max-snippet":"max-snippet:-1","max-image-preview":"max-image-preview:large","max-video-preview":"max-video-preview:-1"},"canonical":"https:\/\/gicosta.com\/","og_locale":"es_ES","og_type":"article","og_title":"Gisselle Costa| Consultor\u00eda Pol\u00edtica y Estrat\u00e9gica","og_description":"\u00a1Hola! Soy Gisselle Costa Polit\u00f3loga. Consultora Pol\u00edtica, especializada en Campa\u00f1as Electorales y Estrategias. En este espacio, te invito a compartir, debatir y conversar acerca de los hechos y fen\u00f3menos que marcan la agenda pol\u00edtica de Am\u00e9rica Latina, buscando aportar desde mi formaci\u00f3n y experiencias, reflexiones en torno a los desaf\u00edos que afrontan nuestras democracias. En [&hellip;]","og_url":"https:\/\/gicosta.com\/","og_site_name":"Consultora Arconte","article_modified_time":"2024-05-25T22:22:33+00:00","og_image":[{"url":"http:\/\/gicosta.com\/wp-content\/uploads\/2023\/08\/Banner-web-comida-de-perros-negro-1024x512.png","type":"","width":"","height":""}],"twitter_card":"summary_large_image","twitter_misc":{"Tiempo de lectura":"2 minutos"},"schema":{"@context":"https:\/\/schema.org","@graph":[{"@type":"WebPage","@id":"https:\/\/gicosta.com\/","url":"https:\/\/gicosta.com\/","name":"Gisselle Costa| Consultor\u00eda Pol\u00edtica y Estrat\u00e9gica","isPartOf":{"@id":"https:\/\/gicosta.com\/#website"},"primaryImageOfPage":{"@id":"https:\/\/gicosta.com\/#primaryimage"},"image":{"@id":"https:\/\/gicosta.com\/#primaryimage"},"thumbnailUrl":"http:\/\/gicosta.com\/wp-content\/uploads\/2023\/08\/Banner-web-comida-de-perros-negro-1024x512.png","datePublished":"2023-02-19T15:23:21+00:00","dateModified":"2024-05-25T22:22:33+00:00","breadcrumb":{"@id":"https:\/\/gicosta.com\/#breadcrumb"},"inLanguage":"es","potentialAction":[{"@type":"ReadAction","target":["https:\/\/gicosta.com\/"]}]},{"@type":"ImageObject","inLanguage":"es","@id":"https:\/\/gicosta.com\/#primaryimage","url":"http:\/\/gicosta.com\/wp-content\/uploads\/2023\/08\/Banner-web-comida-de-perros-negro-1024x512.png","contentUrl":"http:\/\/gicosta.com\/wp-content\/uploads\/2023\/08\/Banner-web-comida-de-perros-negro-1024x512.png"},{"@type":"BreadcrumbList","@id":"https:\/\/gicosta.com\/#breadcrumb","itemListElement":[{"@type":"ListItem","position":1,"name":"Portada","item":"https:\/\/gicosta.com\/"},{"@type":"ListItem","position":2,"name":"Gisselle Costa| Consultor\u00eda Pol\u00edtica y Estrat\u00e9gica"}]},{"@type":"WebSite","@id":"https:\/\/gicosta.com\/#website","url":"https:\/\/gicosta.com\/","name":"Consultora Arconte","description":"Consultor\u00eda Pol\u00edtica y Estrat\u00e9gica","publisher":{"@id":"https:\/\/gicosta.com\/#organization"},"potentialAction":[{"@type":"SearchAction","target":{"@type":"EntryPoint","urlTemplate":"https:\/\/gicosta.com\/?s={search_term_string}"},"query-input":{"@type":"PropertyValueSpecification","valueRequired":true,"valueName":"search_term_string"}}],"inLanguage":"es"},{"@type":"Organization","@id":"https:\/\/gicosta.com\/#organization","name":"Consultora Arconte","url":"https:\/\/gicosta.com\/","logo":{"@type":"ImageObject","inLanguage":"es","@id":"https:\/\/gicosta.com\/#\/schema\/logo\/image\/","url":"https:\/\/gicosta.com\/wp-content\/uploads\/2023\/01\/Diseno-sin-titulo-1.png","contentUrl":"https:\/\/gicosta.com\/wp-content\/uploads\/2023\/01\/Diseno-sin-titulo-1.png","width":500,"height":500,"caption":"Consultora Arconte"},"image":{"@id":"https:\/\/gicosta.com\/#\/schema\/logo\/image\/"}}]}},"_links":{"self":[{"href":"https:\/\/gicosta.com\/index.php\/wp-json\/wp\/v2\/pages\/139","targetHints":{"allow":["GET"]}}],"collection":[{"href":"https:\/\/gicosta.com\/index.php\/wp-json\/wp\/v2\/pages"}],"about":[{"href":"https:\/\/gicosta.com\/index.php\/wp-json\/wp\/v2\/types\/page"}],"author":[{"embeddable":true,"href":"https:\/\/gicosta.com\/index.php\/wp-json\/wp\/v2\/users\/1"}],"replies":[{"embeddable":true,"href":"https:\/\/gicosta.com\/index.php\/wp-json\/wp\/v2\/comments?post=139"}],"version-history":[{"count":20,"href":"https:\/\/gicosta.com\/index.php\/wp-json\/wp\/v2\/pages\/139\/revisions"}],"predecessor-version":[{"id":229,"href":"https:\/\/gicosta.com\/index.php\/wp-json\/wp\/v2\/pages\/139\/revisions\/229"}],"wp:attachment":[{"href":"https:\/\/gicosta.com\/index.php\/wp-json\/wp\/v2\/media?parent=139"}],"curies":[{"name":"wp","href":"https:\/\/api.w.org\/{rel}","templated":true}]}}